{"id":33344,"date":"2016-09-03T10:01:01","date_gmt":"2016-09-03T10:01:01","guid":{"rendered":"https:\/\/mcdowellequipment.com\/equipos-de-mineria\/"},"modified":"2025-06-20T13:58:47","modified_gmt":"2025-06-20T13:58:47","slug":"equipos-de-mineria","status":"publish","type":"page","link":"https:\/\/mcdowellequipment.com\/es\/equipos-de-mineria\/","title":{"rendered":"Equipos de miner\u00eda"},"content":{"rendered":"\t\t<div data-elementor-type=\"wp-page\" data-elementor-id=\"33344\" class=\"elementor elementor-33344 elementor-2820\" data-elementor-post-type=\"page\">\n\t\t\t\t<div class=\"elementor-element elementor-element-24dac3a e-flex e-con-boxed e-con e-parent\" data-id=\"24dac3a\" data-element_type=\"container\" data-e-type=\"container\">\n\t\t\t\t\t<div class=\"e-con-inner\">\n\t\t\t\t<div class=\"elementor-element elementor-element-e997f2e elementor-widget elementor-widget-text-editor\" data-id=\"e997f2e\" data-element_type=\"widget\" data-e-type=\"widget\" data-widget_type=\"text-editor.default\">\n\t\t\t\t<div class=\"elementor-widget-container\">\n\t\t\t\t\t\t\t\t\t<p><span style=\"font-weight: 400;\">Las operaciones mineras dependen de las herramientas adecuadas para mantener alta la productividad y bajo el tiempo de inactividad. En McDowell Equipment, estamos especializados en suministrar m\u00e1quinas de primer nivel que den a tu explotaci\u00f3n una ventaja competitiva. Tanto si est\u00e1s construyendo un nuevo yacimiento, ampliando los t\u00faneles existentes o extrayendo minerales cruciales, nuestro equipo de expertos est\u00e1 aqu\u00ed para ayudarte a encontrar el equipo perfecto. Hemos establecido s\u00f3lidas conexiones en todo el mundo, lo que nos permite suministrar, enviar y reparar maquinaria minera dondequiera que se necesite.   <\/span><\/p><h2><span style=\"font-weight: 400;\">Por qu\u00e9 es importante la maquinaria minera<\/span><\/h2><p><span style=\"font-weight: 400;\">En la acelerada industria minera actual, la capacidad de mantener una producci\u00f3n constante de minerales y materiales es fundamental. Los equipos de alta calidad respaldan unos m\u00e9todos de extracci\u00f3n seguros y eficientes, y mantienen los proyectos dentro de los plazos previstos. Invertir en maquinaria minera fiable puede ayudarte:  <\/span><\/p><ul><li style=\"font-weight: 400;\" aria-level=\"1\"><b>Maximizar la producci\u00f3n<\/b><span style=\"font-weight: 400;\">: Las m\u00e1quinas modernas manejan grandes vol\u00famenes a mayor velocidad.<\/span><\/li><li style=\"font-weight: 400;\" aria-level=\"1\"><b>Mejorar la seguridad<\/b><span style=\"font-weight: 400;\">: Las caracter\u00edsticas especializadas reducen los peligros para los operarios y los trabajadores in situ.<\/span><\/li><li style=\"font-weight: 400;\" aria-level=\"1\"><b>Menores costes de explotaci\u00f3n<\/b><span style=\"font-weight: 400;\">: Un engranaje bien mantenido reduce las reparaciones y alarga la vida \u00fatil.<\/span><\/li><li style=\"font-weight: 400;\" aria-level=\"1\"><b>Adaptarse a condiciones complejas<\/b><span style=\"font-weight: 400;\">: Los dise\u00f1os avanzados abordan terrenos dif\u00edciles y limitaciones subterr\u00e1neas.<\/span><\/li><\/ul><p><span style=\"font-weight: 400;\">Desde las operaciones a cielo abierto hasta las profundas minas subterr\u00e1neas, disponer de equipos adecuados al entorno es clave para mantener la seguridad de tu equipo y la rentabilidad de tu trabajo.<\/span><\/p><p> <\/p><h2><span style=\"font-weight: 400;\">La ventaja McDowell en miner\u00eda<\/span><\/h2><p><span style=\"font-weight: 400;\">McDowell Equipment proporciona algo m\u00e1s que una simple transacci\u00f3n. Cuando te asocias con nosotros, obtienes acceso a: <\/span><\/p><ul><li style=\"font-weight: 400;\" aria-level=\"1\"><b>Orientaci\u00f3n experta<\/b><span style=\"font-weight: 400;\">: Nuestro equipo se basa en a\u00f1os de experiencia para recomendar la m\u00e1quina adecuada al tama\u00f1o y entorno de tu proyecto.<\/span><\/li><li style=\"font-weight: 400;\" aria-level=\"1\"><b>Inventario flexible<\/b><span style=\"font-weight: 400;\">: Disponemos de opciones nuevas y reacondicionadas que se adaptan a distintos presupuestos y necesidades.<\/span><\/li><li style=\"font-weight: 400;\" aria-level=\"1\"><b>Env\u00edos internacionales<\/b><span style=\"font-weight: 400;\">: Nuestros expertos en log\u00edstica se encargan de los detalles de importaci\u00f3n y exportaci\u00f3n, para que recibas tu maquinaria dondequiera que operes.<\/span><\/li><li style=\"font-weight: 400;\" aria-level=\"1\"><b>Apoyo continuo<\/b><span style=\"font-weight: 400;\">: No desaparecemos tras la entrega. Estamos aqu\u00ed para la resoluci\u00f3n de problemas, piezas y mantenimiento mucho despu\u00e9s de la venta. <\/span><\/li><\/ul><p><span style=\"font-weight: 400;\">Nos esforzamos por establecer relaciones duraderas, para que puedas confiar en nosotros para futuras ampliaciones y mejoras a medida que crezca tu explotaci\u00f3n minera.<\/span><\/p><h2><span style=\"font-weight: 400;\">Nuestra gama de equipos de miner\u00eda subterr\u00e1nea<\/span><\/h2><p><span style=\"font-weight: 400;\">La miner\u00eda subterr\u00e1nea exige maquinaria robusta y especializada, dise\u00f1ada para navegar por espacios reducidos y manipular cargas pesadas en condiciones de escasa visibilidad. Suministramos equipos de las mejores marcas, como Sandvik, Atlas Copco (Epiroc) y Caterpillar, entre otras. Nuestra oferta subterr\u00e1nea incluye:  <\/span><\/p><ul><li style=\"font-weight: 400;\" aria-level=\"1\"><a href=\"https:\/\/mcdowellequipment.com\/category\/haullage-trucks\/\"><b>Camiones de transporte subterr\u00e1neo<\/b><\/a><span style=\"font-weight: 400;\">: Construidas para pendientes pronunciadas, espacio libre m\u00ednimo y cargas pesadas.<\/span><\/li><li style=\"font-weight: 400;\" aria-level=\"1\"><b>Cargadoras (LHD)<\/b><span style=\"font-weight: 400;\">: Dise\u00f1adas con un potente sistema hidr\u00e1ulico y perfiles bajos para desescombrar y transportar con eficacia.<\/span><\/li><li style=\"font-weight: 400;\" aria-level=\"1\"><a href=\"https:\/\/mcdowellequipment.com\/category\/drills\/\"><b>Perforadoras<\/b><\/a><span style=\"font-weight: 400;\">: Soluciones de perforaci\u00f3n precisas para excavaci\u00f3n de t\u00faneles, exploraci\u00f3n y extracci\u00f3n de recursos.<\/span><\/li><li style=\"font-weight: 400;\" aria-level=\"1\"><b>Veh\u00edculos utilitarios<\/b><span style=\"font-weight: 400;\">: Transportadores de personal, elevadores de tijera y camiones de mantenimiento para mantener los sistemas subterr\u00e1neos en perfecto funcionamiento.<\/span><\/li><\/ul><p><span style=\"font-weight: 400;\">Inspeccionamos cada pieza del equipo para asegurarnos de que cumple las normas de seguridad y se ajusta a las exigencias espec\u00edficas de los entornos subterr\u00e1neos.<\/span><\/p><h2><span style=\"font-weight: 400;\">Lo esencial de la miner\u00eda de superficie<\/span><\/h2><p><span style=\"font-weight: 400;\">Para operaciones de miner\u00eda a cielo abierto o de superficie, McDowell Equipment dispone de una gran variedad de m\u00e1quinas para aumentar la productividad y reducir el trabajo manual. Nuestra gama para miner\u00eda de superficie incluye: <\/span><\/p><ul><li style=\"font-weight: 400;\" aria-level=\"1\"><b>Excavadoras y palas<\/b><span style=\"font-weight: 400;\">: Cucharas de gran capacidad para remoci\u00f3n de escombros y extracci\u00f3n de minerales.<\/span><\/li><li style=\"font-weight: 400;\" aria-level=\"1\"><b>Bulldozers<\/b><span style=\"font-weight: 400;\">: Ideales para nivelar, desbrozar y empujar grandes cantidades de material.<\/span><\/li><li style=\"font-weight: 400;\" aria-level=\"1\"><b>Camiones de transporte<\/b><span style=\"font-weight: 400;\">: Camiones de gran tonelaje capaces de transportar cargas masivas a largas distancias.<\/span><\/li><li style=\"font-weight: 400;\" aria-level=\"1\"><b>Cargadoras sobre ruedas<\/b><span style=\"font-weight: 400;\">: Perfectas para cargar r\u00e1pidamente volquetes y acopiar material in situ.<\/span><\/li><\/ul><p><span style=\"font-weight: 400;\">La miner\u00eda de superficie puede implicar paisajes vastos y accidentados, por lo que es crucial disponer de m\u00e1quinas que puedan soportar cargas de trabajo intensas y condiciones del terreno dif\u00edciles. Trabajamos estrechamente con nuestros clientes para asegurarnos de que obtienen el tama\u00f1o de m\u00e1quina, la potencia y los implementos adecuados para un rendimiento \u00f3ptimo. <\/span><\/p><p> <\/p><h2><span style=\"font-weight: 400;\">Maquinaria especializada y accesorios<\/span><\/h2><p><span style=\"font-weight: 400;\">La miner\u00eda suele plantear retos \u00fanicos y condiciones cambiantes. La maquinaria y los accesorios especializados pueden ayudarte a adaptarte r\u00e1pidamente a los cambios en la geolog\u00eda, el alcance del proyecto o los requisitos normativos. McDowell Equipment puede suministrar o personalizar:  <\/span><\/p><p> <\/p><ul><li style=\"font-weight: 400;\" aria-level=\"1\"><b>Perforadoras y bulonadoras<\/b><span style=\"font-weight: 400;\">: Para asegurar el soporte del techo y la estabilidad del t\u00fanel.<\/span><\/li><li style=\"font-weight: 400;\" aria-level=\"1\"><b>Trituradoras y cribas<\/b><span style=\"font-weight: 400;\">: \u00datiles en el tratamiento de materiales in situ para reducir los costes de transporte.<\/span><\/li><li style=\"font-weight: 400;\" aria-level=\"1\"><b>Escaladoras subterr\u00e1neas<\/b><span style=\"font-weight: 400;\">: Vitales para retirar la roca suelta y evitar peligrosos desprendimientos.<\/span><\/li><li style=\"font-weight: 400;\" aria-level=\"1\"><b>Cubos o cucharas personalizados<\/b><span style=\"font-weight: 400;\">: Dise\u00f1adas para manipular carb\u00f3n, mineral u otros materiales espec\u00edficos con mayor eficacia.<\/span><\/li><\/ul><p><span style=\"font-weight: 400;\">Nos enorgullece encontrar soluciones creativas que respondan a las necesidades espec\u00edficas de tu explotaci\u00f3n minera y mantengan la productividad.<\/span><\/p><p> <\/p><h2><span style=\"font-weight: 400;\">\u201cSi no lo tenemos, podemos conseguirlo\u201d &#8211; Worldwide Sourcing<\/span><\/h2><p><span style=\"font-weight: 400;\">Incluso si la m\u00e1quina que deseas no est\u00e1 en nuestra lista actual, tenemos contactos en todo el mundo dispuestos a buscar en tu nombre. Nuestro servicio de b\u00fasqueda en todo el mundo incluye: <\/span><\/p><p> <\/p><ul><li style=\"font-weight: 400;\" aria-level=\"1\"><b>Investigaci\u00f3n de equipos<\/b><span style=\"font-weight: 400;\">: Trabajamos con distribuidores y fabricantes internacionales para localizar modelos especializados o raros.<\/span><\/li><li style=\"font-weight: 400;\" aria-level=\"1\"><b>Env\u00edo seguro<\/b><span style=\"font-weight: 400;\">: Supervisamos el embalaje, el env\u00edo y el seguro, garantizando que tu equipo llegue seguro y a tiempo.<\/span><\/li><li style=\"font-weight: 400;\" aria-level=\"1\"><b>Cumplimiento de la normativa de importaci\u00f3n y exportaci\u00f3n<\/b><span style=\"font-weight: 400;\">: Nos ocupamos del papeleo, los aranceles y las normativas para que puedas centrarte en dirigir tu mina.<\/span><\/li><li style=\"font-weight: 400;\" aria-level=\"1\"><b>Servicios de renovaci\u00f3n<\/b><span style=\"font-weight: 400;\">: Para las m\u00e1quinas usadas, podemos organizar reparaciones y mejoras antes de la entrega para prolongar su vida \u00fatil.<\/span><\/li><\/ul><p><span style=\"font-weight: 400;\">Nuestro objetivo es satisfacer tus necesidades exactas, por singulares que sean. Con McDowell Equipment, obtendr\u00e1s la soluci\u00f3n adecuada, aunque eso signifique abastecerte en todo el mundo. <\/span><\/p><p> <\/p><h2><span style=\"font-weight: 400;\">Industrias atendidas<\/span><\/h2><p><span style=\"font-weight: 400;\">Estamos orgullosos de servir a diversos sectores mineros, grandes y peque\u00f1os:<\/span><\/p><ul><li style=\"font-weight: 400;\" aria-level=\"1\"><b>Metales preciosos<\/b><span style=\"font-weight: 400;\">: El oro, la plata y los metales del grupo del platino requieren equipos de extracci\u00f3n precisos y eficaces.<\/span><\/li><li style=\"font-weight: 400;\" aria-level=\"1\"><b>Metales base<\/b><span style=\"font-weight: 400;\">: Las operaciones de cobre, n\u00edquel y zinc se benefician de nuestros fiables camiones de transporte, cargadoras y perforadoras.<\/span><\/li><li style=\"font-weight: 400;\" aria-level=\"1\"><b>Carb\u00f3n y energ\u00eda<\/b><span style=\"font-weight: 400;\">: Las m\u00e1quinas dise\u00f1adas para excavaciones pesadas y terrenos complejos garantizan una producci\u00f3n de energ\u00eda constante.<\/span><\/li><li style=\"font-weight: 400;\" aria-level=\"1\"><b>\u00c1ridos y Minerales Industriales<\/b><span style=\"font-weight: 400;\">: Las canteras y plantas de procesamiento de minerales dependen de trituradoras, cargadoras y opciones de transporte de gran volumen.<\/span><\/li><\/ul><p><span style=\"font-weight: 400;\">Tanto si gestionas un peque\u00f1o yacimiento de exploraci\u00f3n como un extenso proyecto minero internacional, McDowell Equipment est\u00e1 preparado para ayudarte a ampliar tus operaciones.<\/span><\/p><p> <\/p><h2><span style=\"font-weight: 400;\">C\u00f3mo empezar con el equipo McDowell<\/span><\/h2><p><span style=\"font-weight: 400;\">Poner en marcha tu proyecto minero es sencillo cuando trabajas con nosotros:<\/span><\/p><ol><li style=\"font-weight: 400;\" aria-level=\"1\"><b>Alcanzar<\/b><span style=\"font-weight: 400;\">: <\/span><a href=\"https:\/\/mcdowellequipment.com\/es\/ponte-en-contacto-con\/\"><span style=\"font-weight: 400;\">Ponte en contacto con nosotros<\/span><\/a><span style=\"font-weight: 400;\"> a trav\u00e9s de nuestro sitio web o por tel\u00e9fono para hablar de tus necesidades.<\/span><\/li><li style=\"font-weight: 400;\" aria-level=\"1\"><b>Evaluaci\u00f3n del proyecto<\/b><span style=\"font-weight: 400;\">: Conoceremos tus tipos de mineral, la disposici\u00f3n de la mina y los retos operativos.<\/span><\/li><li style=\"font-weight: 400;\" aria-level=\"1\"><b>Equipamiento para partidos<\/b><span style=\"font-weight: 400;\">: Nuestro equipo ofrece recomendaciones de nuestro inventario o inicia una b\u00fasqueda global si es necesario.<\/span><\/li><li style=\"font-weight: 400;\" aria-level=\"1\"><b>Confirmar detalles<\/b><span style=\"font-weight: 400;\">: Una vez seleccionada la m\u00e1quina, concretamos el precio, los plazos y la log\u00edstica de entrega.<\/span><\/li><li style=\"font-weight: 400;\" aria-level=\"1\"><b>Apoyo continuo<\/b><span style=\"font-weight: 400;\">: Siempre estamos disponibles para formaci\u00f3n, piezas de repuesto o asesoramiento t\u00e9cnico.<\/span><\/li><\/ol><p><span style=\"font-weight: 400;\">Estamos aqu\u00ed para facilitar el proceso, de modo que puedas centrarte en extraer valiosos recursos del terreno.<\/span><\/p><h2><span style=\"font-weight: 400;\">Refuerza tus operaciones mineras con McDowell Equipment<\/span><\/h2><p><span style=\"font-weight: 400;\">La miner\u00eda es un campo exigente que requiere equipos duraderos, eficientes y seguros en todo momento. Desde cargadoras y perforadoras subterr\u00e1neas hasta enormes camiones de transporte de superficie, McDowell Equipment se dedica a proporcionarte las mejores m\u00e1quinas para el trabajo. Nuestro compromiso con la calidad, el abastecimiento mundial y la asistencia personalizada nos distinguen. Cuando est\u00e9s listo para invertir en el futuro de tus operaciones, ponte en contacto con McDowell Equipment y descubre c\u00f3mo nuestras soluciones mineras pueden llevar tu productividad y rentabilidad a nuevas cotas.<\/span><\/p>\t\t\t\t\t\t\t\t<\/div>\n\t\t\t\t<\/div>\n\t\t\t\t\t<\/div>\n\t\t\t\t<\/div>\n\t\t\t\t<\/div>\n\t\t","protected":false},"excerpt":{"rendered":"<p>Las operaciones mineras dependen de las herramientas adecuadas para mantener alta la productividad y bajo el tiempo de inactividad. En McDowell Equipment, estamos especializados en suministrar m\u00e1quinas de primer nivel que den a tu explotaci\u00f3n una ventaja competitiva. Tanto si est\u00e1s construyendo un nuevo yacimiento, ampliando los t\u00faneles existentes o extrayendo minerales cruciales, nuestro equipo [&hellip;]<\/p>\n","protected":false},"author":1,"featured_media":0,"parent":0,"menu_order":0,"comment_status":"closed","ping_status":"closed","template":"","meta":{"footnotes":""},"class_list":["post-33344","page","type-page","status-publish","hentry"],"acf":[],"_links":{"self":[{"href":"https:\/\/mcdowellequipment.com\/es\/wp-json\/wp\/v2\/pages\/33344","targetHints":{"allow":["GET"]}}],"collection":[{"href":"https:\/\/mcdowellequipment.com\/es\/wp-json\/wp\/v2\/pages"}],"about":[{"href":"https:\/\/mcdowellequipment.com\/es\/wp-json\/wp\/v2\/types\/page"}],"author":[{"embeddable":true,"href":"https:\/\/mcdowellequipment.com\/es\/wp-json\/wp\/v2\/users\/1"}],"replies":[{"embeddable":true,"href":"https:\/\/mcdowellequipment.com\/es\/wp-json\/wp\/v2\/comments?post=33344"}],"version-history":[{"count":0,"href":"https:\/\/mcdowellequipment.com\/es\/wp-json\/wp\/v2\/pages\/33344\/revisions"}],"wp:attachment":[{"href":"https:\/\/mcdowellequipment.com\/es\/wp-json\/wp\/v2\/media?parent=33344"}],"curies":[{"name":"wp","href":"https:\/\/api.w.org\/{rel}","templated":true}]}}